{"id":283,"date":"2025-01-10T00:41:38","date_gmt":"2025-01-10T00:41:38","guid":{"rendered":"https:\/\/selvapet.com\/?page_id=283"},"modified":"2025-04-30T02:17:14","modified_gmt":"2025-04-30T02:17:14","slug":"about","status":"publish","type":"page","link":"https:\/\/selvapet.com\/tr\/about\/","title":{"rendered":"Hakk\u0131m\u0131zda"},"content":{"rendered":"<h2 class=\"wp-block-heading\"><\/h2>\n\n\n\n<p>Ho\u015f geldiniz <strong>SelvaPet.com<\/strong> \u2013 Evcil hayvanlar\u0131n ve hayvanlar\u0131n d\u00fcnyas\u0131na dair g\u00fcvenilir rehberiniz!<\/p>\n\n\n\n<p>Biz inan\u0131yoruz ki <strong>her hayvan bak\u0131m, sevgi ve g\u00fcvenilir bilgiyi hak ediyor<\/strong>Amac\u0131m\u0131z, ister evcil hayvan, ister vah\u015fi yarat\u0131k olsun, hayvanlar\u0131 seven herkes i\u00e7in yararl\u0131, g\u00fcncel ve eri\u015filebilir i\u00e7erik sa\u011flamakt\u0131r.<\/p>\n\n\n\n<h3 class=\"wp-block-heading\">Biz Kimiz?<\/h3>\n\n\n\n<p>Bilgi payla\u015f\u0131m\u0131na tutkuyla ba\u011fl\u0131 hayvan severleriz. SelvaPet, hayvan d\u00fcnyas\u0131nda uzmanla\u015fm\u0131\u015f veterinerler, evcil hayvan uzmanlar\u0131 ve yazarlardan olu\u015fan bir ekip taraf\u0131ndan olu\u015fturulmu\u015ftur. Makalelerimiz, evcil hayvanlar\u0131n\u0131za daha iyi bakman\u0131za ve hayvan davran\u0131\u015flar\u0131 ve do\u011fal d\u00fcnya hakk\u0131nda daha fazla \u015fey anlaman\u0131za yard\u0131mc\u0131 olmak i\u00e7in haz\u0131rlanm\u0131\u015ft\u0131r.<\/p>\n\n\n\n<p>K\u00f6pekler ve kediler i\u00e7in evcil hayvan bak\u0131m\u0131 ipu\u00e7lar\u0131ndan egzotik hayvanlar hakk\u0131nda e\u011flenceli ger\u00e7eklere kadar, evcil hayvan sahipleri, veterinerlik \u00f6\u011frencileri, merakl\u0131 zihinler ve her t\u00fcrden hayvansever i\u00e7in kapsaml\u0131 i\u00e7erikler sunuyoruz.<\/p>\n\n\n\n<h3 class=\"wp-block-heading\">Burada Neler Bulacaks\u0131n\u0131z?<\/h3>\n\n\n\n<ul class=\"wp-block-list\">\n<li>Pratik tavsiyeler <strong>evcil hayvan bak\u0131m\u0131 ve sa\u011fl\u0131\u011f\u0131<\/strong><\/li>\n\n\n\n<li>Hakk\u0131nda bilgi <strong>hastal\u0131klar, a\u015f\u0131lar ve hayvan davran\u0131\u015flar\u0131<\/strong><\/li>\n\n\n\n<li>\u00d6neriler <strong>\u00fcr\u00fcnler, yiyecekler ve oyuncaklar<\/strong><\/li>\n\n\n\n<li>E\u011flenceli ve e\u011fitici <strong>yaban hayat\u0131 ger\u00e7ekleri<\/strong><\/li>\n\n\n\n<li>Sorumlu evcil hayvan sahibi olma k\u0131lavuzlar\u0131 ve makaleleri<\/li>\n<\/ul>\n\n\n\n<p>Bizim taahh\u00fcd\u00fcm\u00fcz \u015fudur: <strong>Ger\u00e7ek, empati ve g\u00fcvenilir bilgi<\/strong>T\u00fcm i\u00e7eriklerimiz g\u00fcvenilir kaynaklar kullan\u0131larak incelenmekte ve m\u00fcmk\u00fcn oldu\u011funca veterinerlik profesyonelleri taraf\u0131ndan desteklenmektedir.<\/p>\n\n\n\n<h3 class=\"wp-block-heading\">Neden SelvaPet&#039;e G\u00fcvenmelisiniz?<\/h3>\n\n\n\n<p>\u00c7\u00fcnk\u00fc biz ayn\u0131 zamanda evcil hayvan ebeveynleri, bak\u0131c\u0131lar\u0131y\u0131z ve hayvanlara kar\u015f\u0131 derin bir tutku duyuyoruz. Misyonumuzu ciddiye al\u0131yoruz: <strong>e\u011fitmek, bilgilendirmek ve ilham vermek<\/strong> hayvanlar\u0131n sa\u011fl\u0131\u011f\u0131 ve refah\u0131n\u0131 \u00f6nemseyenler.<\/p>\n\n\n\n<h3 class=\"wp-block-heading\">\u0130leti\u015fime Ge\u00e7in<\/h3>\n\n\n\n<p>Sorular\u0131n\u0131z, \u00f6nerileriniz mi var veya evcil hayvan\u0131n\u0131z\u0131n hikayesini payla\u015fmak m\u0131 istiyorsunuz? Bizimle ileti\u015fime ge\u00e7mekten \u00e7ekinmeyin!<br>\ud83d\udce7 <a>ileti\u015fim@selvapet.com<\/a><\/p>\n\n\n\n<p><\/p>","protected":false},"excerpt":{"rendered":"<p>Welcome to SelvaPet.com \u2013 your trusted guide to the world of pets and animals! We believe that every animal deserves care, love, and reliable information. Our goal is to provide useful, up-to-date, and accessible content for anyone who loves animals \u2013 whether they\u2019re pets or wild creatures. Who Are We? We\u2019re animal lovers who are&#8230;<\/p>","protected":false},"author":1,"featured_media":0,"parent":0,"menu_order":0,"comment_status":"closed","ping_status":"closed","template":"","meta":{"footnotes":""},"class_list":["post-283","page","type-page","status-publish","hentry"],"yoast_head":"<!-- This site is optimized with the Yoast SEO plugin v25.8 - https:\/\/yoast.com\/wordpress\/plugins\/seo\/ -->\n<title>About Us -<\/title>\n<meta name=\"robots\" content=\"index, follow, max-snippet:-1, max-image-preview:large, max-video-preview:-1\" \/>\n<link rel=\"canonical\" href=\"https:\/\/selvapet.com\/tr\/about\/\" \/>\n<meta property=\"og:locale\" content=\"tr_TR\" \/>\n<meta property=\"og:type\" content=\"article\" \/>\n<meta property=\"og:title\" content=\"About Us -\" \/>\n<meta property=\"og:description\" content=\"Welcome to SelvaPet.com \u2013 your trusted guide to the world of pets and animals! We believe that every animal deserves care, love, and reliable information. Our goal is to provide useful, up-to-date, and accessible content for anyone who loves animals \u2013 whether they\u2019re pets or wild creatures. Who Are We? We\u2019re animal lovers who are...\" \/>\n<meta property=\"og:url\" content=\"https:\/\/selvapet.com\/tr\/about\/\" \/>\n<meta property=\"article:modified_time\" content=\"2025-04-30T02:17:14+00:00\" \/>\n<meta name=\"twitter:card\" content=\"summary_large_image\" \/>\n<meta name=\"twitter:label1\" content=\"Tahmini okuma s\u00fcresi\" \/>\n\t<meta name=\"twitter:data1\" content=\"2 dakika\" \/>\n<script type=\"application\/ld+json\" class=\"yoast-schema-graph\">{\"@context\":\"https:\/\/schema.org\",\"@graph\":[{\"@type\":\"WebPage\",\"@id\":\"https:\/\/selvapet.com\/about\/\",\"url\":\"https:\/\/selvapet.com\/about\/\",\"name\":\"About Us -\",\"isPartOf\":{\"@id\":\"https:\/\/selvapet.com\/#website\"},\"datePublished\":\"2025-01-10T00:41:38+00:00\",\"dateModified\":\"2025-04-30T02:17:14+00:00\",\"breadcrumb\":{\"@id\":\"https:\/\/selvapet.com\/about\/#breadcrumb\"},\"inLanguage\":\"tr\",\"potentialAction\":[{\"@type\":\"ReadAction\",\"target\":[\"https:\/\/selvapet.com\/about\/\"]}]},{\"@type\":\"BreadcrumbList\",\"@id\":\"https:\/\/selvapet.com\/about\/#breadcrumb\",\"itemListElement\":[{\"@type\":\"ListItem\",\"position\":1,\"name\":\"Home\",\"item\":\"https:\/\/selvapet.com\/\"},{\"@type\":\"ListItem\",\"position\":2,\"name\":\"About Us\"}]},{\"@type\":\"WebSite\",\"@id\":\"https:\/\/selvapet.com\/#website\",\"url\":\"https:\/\/selvapet.com\/\",\"name\":\"\",\"description\":\"\",\"potentialAction\":[{\"@type\":\"SearchAction\",\"target\":{\"@type\":\"EntryPoint\",\"urlTemplate\":\"https:\/\/selvapet.com\/?s={search_term_string}\"},\"query-input\":{\"@type\":\"PropertyValueSpecification\",\"valueRequired\":true,\"valueName\":\"search_term_string\"}}],\"inLanguage\":\"tr\"}]}<\/script>\n<!-- \/ Yoast SEO plugin. -->","yoast_head_json":{"title":"About Us -","robots":{"index":"index","follow":"follow","max-snippet":"max-snippet:-1","max-image-preview":"max-image-preview:large","max-video-preview":"max-video-preview:-1"},"canonical":"https:\/\/selvapet.com\/tr\/about\/","og_locale":"tr_TR","og_type":"article","og_title":"About Us -","og_description":"Welcome to SelvaPet.com \u2013 your trusted guide to the world of pets and animals! We believe that every animal deserves care, love, and reliable information. Our goal is to provide useful, up-to-date, and accessible content for anyone who loves animals \u2013 whether they\u2019re pets or wild creatures. Who Are We? We\u2019re animal lovers who are...","og_url":"https:\/\/selvapet.com\/tr\/about\/","article_modified_time":"2025-04-30T02:17:14+00:00","twitter_card":"summary_large_image","twitter_misc":{"Tahmini okuma s\u00fcresi":"2 dakika"},"schema":{"@context":"https:\/\/schema.org","@graph":[{"@type":"WebPage","@id":"https:\/\/selvapet.com\/about\/","url":"https:\/\/selvapet.com\/about\/","name":"About Us -","isPartOf":{"@id":"https:\/\/selvapet.com\/#website"},"datePublished":"2025-01-10T00:41:38+00:00","dateModified":"2025-04-30T02:17:14+00:00","breadcrumb":{"@id":"https:\/\/selvapet.com\/about\/#breadcrumb"},"inLanguage":"tr","potentialAction":[{"@type":"ReadAction","target":["https:\/\/selvapet.com\/about\/"]}]},{"@type":"BreadcrumbList","@id":"https:\/\/selvapet.com\/about\/#breadcrumb","itemListElement":[{"@type":"ListItem","position":1,"name":"Home","item":"https:\/\/selvapet.com\/"},{"@type":"ListItem","position":2,"name":"About Us"}]},{"@type":"WebSite","@id":"https:\/\/selvapet.com\/#website","url":"https:\/\/selvapet.com\/","name":"","description":"","potentialAction":[{"@type":"SearchAction","target":{"@type":"EntryPoint","urlTemplate":"https:\/\/selvapet.com\/?s={search_term_string}"},"query-input":{"@type":"PropertyValueSpecification","valueRequired":true,"valueName":"search_term_string"}}],"inLanguage":"tr"}]}},"_links":{"self":[{"href":"https:\/\/selvapet.com\/tr\/wp-json\/wp\/v2\/pages\/283","targetHints":{"allow":["GET"]}}],"collection":[{"href":"https:\/\/selvapet.com\/tr\/wp-json\/wp\/v2\/pages"}],"about":[{"href":"https:\/\/selvapet.com\/tr\/wp-json\/wp\/v2\/types\/page"}],"author":[{"embeddable":true,"href":"https:\/\/selvapet.com\/tr\/wp-json\/wp\/v2\/users\/1"}],"replies":[{"embeddable":true,"href":"https:\/\/selvapet.com\/tr\/wp-json\/wp\/v2\/comments?post=283"}],"version-history":[{"count":4,"href":"https:\/\/selvapet.com\/tr\/wp-json\/wp\/v2\/pages\/283\/revisions"}],"predecessor-version":[{"id":312,"href":"https:\/\/selvapet.com\/tr\/wp-json\/wp\/v2\/pages\/283\/revisions\/312"}],"wp:attachment":[{"href":"https:\/\/selvapet.com\/tr\/wp-json\/wp\/v2\/media?parent=283"}],"curies":[{"name":"wp","href":"https:\/\/api.w.org\/{rel}","templated":true}]}}