{"id":283,"date":"2025-01-10T00:41:38","date_gmt":"2025-01-10T00:41:38","guid":{"rendered":"https:\/\/selvapet.com\/?page_id=283"},"modified":"2025-04-30T02:17:14","modified_gmt":"2025-04-30T02:17:14","slug":"about","status":"publish","type":"page","link":"https:\/\/selvapet.com\/ro\/about\/","title":{"rendered":"Despre noi"},"content":{"rendered":"<h2 class=\"wp-block-heading\"><\/h2>\n\n\n\n<p>Bine a\u021bi venit la <strong>SelvaPet.com<\/strong> \u2013 ghidul t\u0103u de \u00eencredere \u00een lumea animalelor de companie!<\/p>\n\n\n\n<p>Noi credem c\u0103 <strong>Fiecare animal merit\u0103 \u00eengrijire, dragoste \u0219i informa\u021bii de \u00eencredere<\/strong>Scopul nostru este s\u0103 oferim con\u021binut util, actualizat \u0219i accesibil pentru oricine iube\u0219te animalele \u2013 fie c\u0103 sunt animale de companie sau creaturi s\u0103lbatice.<\/p>\n\n\n\n<h3 class=\"wp-block-heading\">Cine suntem noi?<\/h3>\n\n\n\n<p>Suntem iubitori de animale \u0219i pasiona\u021bi de \u00eemp\u0103rt\u0103\u0219irea cuno\u0219tin\u021belor. SelvaPet este creat de o echip\u0103 de medici veterinari, exper\u021bi \u00een animale de companie \u0219i scriitori specializa\u021bi \u00een lumea animal\u0103. Articolele noastre sunt create pentru a v\u0103 ajuta s\u0103 ave\u021bi mai mult\u0103 grij\u0103 de animalele dvs. de companie \u0219i s\u0103 \u00een\u021belege\u021bi mai multe despre comportamentul animalelor \u0219i lumea natural\u0103.<\/p>\n\n\n\n<p>De la sfaturi pentru \u00eengrijirea animalelor de companie pentru c\u00e2ini \u0219i pisici p\u00e2n\u0103 la fapte amuzante despre animale exotice, oferim con\u021binut cuprinz\u0103tor pentru proprietarii de animale de companie, studen\u021bii la veterinar, min\u021bile curioase \u0219i iubitorii de animale de toate felurile.<\/p>\n\n\n\n<h3 class=\"wp-block-heading\">Ce ve\u021bi g\u0103si aici?<\/h3>\n\n\n\n<ul class=\"wp-block-list\">\n<li>Sfaturi practice despre <strong>\u00eengrijirea \u0219i bun\u0103starea animalelor de companie<\/strong><\/li>\n\n\n\n<li>Informa\u021bii despre <strong>boli, vaccinuri \u0219i comportamentul animalelor<\/strong><\/li>\n\n\n\n<li>Recomand\u0103ri privind <strong>produse, alimente \u0219i juc\u0103rii<\/strong><\/li>\n\n\n\n<li>Distractiv \u0219i educativ <strong>informa\u021bii despre fauna s\u0103lbatic\u0103<\/strong><\/li>\n\n\n\n<li>Ghiduri \u0219i articole despre de\u021binerea responsabil\u0103 a animalelor de companie<\/li>\n<\/ul>\n\n\n\n<p>Angajamentul nostru este de a <strong>adev\u0103r, empatie \u0219i informa\u021bii credibile<\/strong>Tot con\u021binutul nostru este revizuit folosind surse de \u00eencredere \u0219i, ori de c\u00e2te ori este posibil, sus\u021binut de profesioni\u0219ti veterinari.<\/p>\n\n\n\n<h3 class=\"wp-block-heading\">De ce s\u0103 ave\u021bi \u00eencredere \u00een SelvaPet?<\/h3>\n\n\n\n<p>Pentru c\u0103 suntem \u0219i st\u0103p\u00e2ni de animale de companie, \u00eengrijitori \u0219i profund pasiona\u021bi de acestea. Ne lu\u0103m misiunea \u00een serios: s\u0103 <strong>educa, informeaz\u0103 \u0219i inspir\u0103<\/strong> cei c\u0103rora le pas\u0103 de s\u0103n\u0103tatea \u0219i bun\u0103starea animalelor.<\/p>\n\n\n\n<h3 class=\"wp-block-heading\">Contacta\u021bi-ne<\/h3>\n\n\n\n<p>Ave\u021bi \u00eentreb\u0103ri, sugestii sau dori\u021bi s\u0103 \u00eemp\u0103rt\u0103\u0219i\u021bi povestea animalului dvs. de companie? Nu ezita\u021bi s\u0103 ne contacta\u021bi!<br>\ud83d\udce7 <a>contact@selvapet.com<\/a><\/p>\n\n\n\n<p><\/p>","protected":false},"excerpt":{"rendered":"<p>Welcome to SelvaPet.com \u2013 your trusted guide to the world of pets and animals! We believe that every animal deserves care, love, and reliable information. Our goal is to provide useful, up-to-date, and accessible content for anyone who loves animals \u2013 whether they\u2019re pets or wild creatures. Who Are We? We\u2019re animal lovers who are&#8230;<\/p>","protected":false},"author":1,"featured_media":0,"parent":0,"menu_order":0,"comment_status":"closed","ping_status":"closed","template":"","meta":{"footnotes":""},"class_list":["post-283","page","type-page","status-publish","hentry"],"yoast_head":"<!-- This site is optimized with the Yoast SEO plugin v25.8 - https:\/\/yoast.com\/wordpress\/plugins\/seo\/ -->\n<title>About Us -<\/title>\n<meta name=\"robots\" content=\"index, follow, max-snippet:-1, max-image-preview:large, max-video-preview:-1\" \/>\n<link rel=\"canonical\" href=\"https:\/\/selvapet.com\/ro\/about\/\" \/>\n<meta property=\"og:locale\" content=\"ro_RO\" \/>\n<meta property=\"og:type\" content=\"article\" \/>\n<meta property=\"og:title\" content=\"About Us -\" \/>\n<meta property=\"og:description\" content=\"Welcome to SelvaPet.com \u2013 your trusted guide to the world of pets and animals! We believe that every animal deserves care, love, and reliable information. Our goal is to provide useful, up-to-date, and accessible content for anyone who loves animals \u2013 whether they\u2019re pets or wild creatures. Who Are We? We\u2019re animal lovers who are...\" \/>\n<meta property=\"og:url\" content=\"https:\/\/selvapet.com\/ro\/about\/\" \/>\n<meta property=\"article:modified_time\" content=\"2025-04-30T02:17:14+00:00\" \/>\n<meta name=\"twitter:card\" content=\"summary_large_image\" \/>\n<meta name=\"twitter:label1\" content=\"Timp estimat pentru citire\" \/>\n\t<meta name=\"twitter:data1\" content=\"2 minute\" \/>\n<script type=\"application\/ld+json\" class=\"yoast-schema-graph\">{\"@context\":\"https:\/\/schema.org\",\"@graph\":[{\"@type\":\"WebPage\",\"@id\":\"https:\/\/selvapet.com\/about\/\",\"url\":\"https:\/\/selvapet.com\/about\/\",\"name\":\"About Us -\",\"isPartOf\":{\"@id\":\"https:\/\/selvapet.com\/#website\"},\"datePublished\":\"2025-01-10T00:41:38+00:00\",\"dateModified\":\"2025-04-30T02:17:14+00:00\",\"breadcrumb\":{\"@id\":\"https:\/\/selvapet.com\/about\/#breadcrumb\"},\"inLanguage\":\"ro-RO\",\"potentialAction\":[{\"@type\":\"ReadAction\",\"target\":[\"https:\/\/selvapet.com\/about\/\"]}]},{\"@type\":\"BreadcrumbList\",\"@id\":\"https:\/\/selvapet.com\/about\/#breadcrumb\",\"itemListElement\":[{\"@type\":\"ListItem\",\"position\":1,\"name\":\"Home\",\"item\":\"https:\/\/selvapet.com\/\"},{\"@type\":\"ListItem\",\"position\":2,\"name\":\"About Us\"}]},{\"@type\":\"WebSite\",\"@id\":\"https:\/\/selvapet.com\/#website\",\"url\":\"https:\/\/selvapet.com\/\",\"name\":\"\",\"description\":\"\",\"potentialAction\":[{\"@type\":\"SearchAction\",\"target\":{\"@type\":\"EntryPoint\",\"urlTemplate\":\"https:\/\/selvapet.com\/?s={search_term_string}\"},\"query-input\":{\"@type\":\"PropertyValueSpecification\",\"valueRequired\":true,\"valueName\":\"search_term_string\"}}],\"inLanguage\":\"ro-RO\"}]}<\/script>\n<!-- \/ Yoast SEO plugin. -->","yoast_head_json":{"title":"About Us -","robots":{"index":"index","follow":"follow","max-snippet":"max-snippet:-1","max-image-preview":"max-image-preview:large","max-video-preview":"max-video-preview:-1"},"canonical":"https:\/\/selvapet.com\/ro\/about\/","og_locale":"ro_RO","og_type":"article","og_title":"About Us -","og_description":"Welcome to SelvaPet.com \u2013 your trusted guide to the world of pets and animals! We believe that every animal deserves care, love, and reliable information. Our goal is to provide useful, up-to-date, and accessible content for anyone who loves animals \u2013 whether they\u2019re pets or wild creatures. Who Are We? We\u2019re animal lovers who are...","og_url":"https:\/\/selvapet.com\/ro\/about\/","article_modified_time":"2025-04-30T02:17:14+00:00","twitter_card":"summary_large_image","twitter_misc":{"Timp estimat pentru citire":"2 minute"},"schema":{"@context":"https:\/\/schema.org","@graph":[{"@type":"WebPage","@id":"https:\/\/selvapet.com\/about\/","url":"https:\/\/selvapet.com\/about\/","name":"About Us -","isPartOf":{"@id":"https:\/\/selvapet.com\/#website"},"datePublished":"2025-01-10T00:41:38+00:00","dateModified":"2025-04-30T02:17:14+00:00","breadcrumb":{"@id":"https:\/\/selvapet.com\/about\/#breadcrumb"},"inLanguage":"ro-RO","potentialAction":[{"@type":"ReadAction","target":["https:\/\/selvapet.com\/about\/"]}]},{"@type":"BreadcrumbList","@id":"https:\/\/selvapet.com\/about\/#breadcrumb","itemListElement":[{"@type":"ListItem","position":1,"name":"Home","item":"https:\/\/selvapet.com\/"},{"@type":"ListItem","position":2,"name":"About Us"}]},{"@type":"WebSite","@id":"https:\/\/selvapet.com\/#website","url":"https:\/\/selvapet.com\/","name":"","description":"","potentialAction":[{"@type":"SearchAction","target":{"@type":"EntryPoint","urlTemplate":"https:\/\/selvapet.com\/?s={search_term_string}"},"query-input":{"@type":"PropertyValueSpecification","valueRequired":true,"valueName":"search_term_string"}}],"inLanguage":"ro-RO"}]}},"_links":{"self":[{"href":"https:\/\/selvapet.com\/ro\/wp-json\/wp\/v2\/pages\/283","targetHints":{"allow":["GET"]}}],"collection":[{"href":"https:\/\/selvapet.com\/ro\/wp-json\/wp\/v2\/pages"}],"about":[{"href":"https:\/\/selvapet.com\/ro\/wp-json\/wp\/v2\/types\/page"}],"author":[{"embeddable":true,"href":"https:\/\/selvapet.com\/ro\/wp-json\/wp\/v2\/users\/1"}],"replies":[{"embeddable":true,"href":"https:\/\/selvapet.com\/ro\/wp-json\/wp\/v2\/comments?post=283"}],"version-history":[{"count":4,"href":"https:\/\/selvapet.com\/ro\/wp-json\/wp\/v2\/pages\/283\/revisions"}],"predecessor-version":[{"id":312,"href":"https:\/\/selvapet.com\/ro\/wp-json\/wp\/v2\/pages\/283\/revisions\/312"}],"wp:attachment":[{"href":"https:\/\/selvapet.com\/ro\/wp-json\/wp\/v2\/media?parent=283"}],"curies":[{"name":"wp","href":"https:\/\/api.w.org\/{rel}","templated":true}]}}