{"id":283,"date":"2025-01-10T00:41:38","date_gmt":"2025-01-10T00:41:38","guid":{"rendered":"https:\/\/selvapet.com\/?page_id=283"},"modified":"2025-04-30T02:17:14","modified_gmt":"2025-04-30T02:17:14","slug":"about","status":"publish","type":"page","link":"https:\/\/selvapet.com\/pt\/about\/","title":{"rendered":"Sobre n\u00f3s"},"content":{"rendered":"<h2 class=\"wp-block-heading\"><\/h2>\n\n\n\n<p>Bem-vindo ao <strong>SelvaPet.com<\/strong> \u2013 seu guia confi\u00e1vel para o mundo dos animais de estima\u00e7\u00e3o!<\/p>\n\n\n\n<p>Acreditamos que <strong>todo animal merece cuidado, amor e informa\u00e7\u00f5es confi\u00e1veis<\/strong>Nosso objetivo \u00e9 fornecer conte\u00fado \u00fatil, atualizado e acess\u00edvel para qualquer pessoa que ame animais, sejam eles animais de estima\u00e7\u00e3o ou criaturas selvagens.<\/p>\n\n\n\n<h3 class=\"wp-block-heading\">Quem somos n\u00f3s?<\/h3>\n\n\n\n<p>Somos amantes de animais e apaixonados por compartilhar conhecimento. O SelvaPet \u00e9 criado por uma equipe de veterin\u00e1rios, especialistas em animais de estima\u00e7\u00e3o e escritores especializados no mundo animal. Nossos artigos s\u00e3o elaborados para ajudar voc\u00ea a cuidar melhor dos seus pets e a entender melhor o comportamento animal e o mundo natural.<\/p>\n\n\n\n<p>De dicas de cuidados com animais de estima\u00e7\u00e3o como c\u00e3es e gatos a curiosidades sobre animais ex\u00f3ticos, oferecemos conte\u00fado abrangente para donos de animais de estima\u00e7\u00e3o, estudantes de veterin\u00e1ria, mentes curiosas e amantes de animais de todos os tipos.<\/p>\n\n\n\n<h3 class=\"wp-block-heading\">O que voc\u00ea encontrar\u00e1 aqui?<\/h3>\n\n\n\n<ul class=\"wp-block-list\">\n<li>Conselhos pr\u00e1ticos sobre <strong>cuidados e bem-estar para animais de estima\u00e7\u00e3o<\/strong><\/li>\n\n\n\n<li>Informa\u00e7\u00f5es sobre <strong>doen\u00e7as, vacinas e comportamento animal<\/strong><\/li>\n\n\n\n<li>Recomenda\u00e7\u00f5es sobre <strong>produtos, alimentos e brinquedos<\/strong><\/li>\n\n\n\n<li>Divertido e educativo <strong>fatos sobre a vida selvagem<\/strong><\/li>\n\n\n\n<li>Guias e artigos sobre posse respons\u00e1vel de animais de estima\u00e7\u00e3o<\/li>\n<\/ul>\n\n\n\n<p>Nosso compromisso \u00e9 <strong>verdade, empatia e informa\u00e7\u00e3o confi\u00e1vel<\/strong>. Todo o nosso conte\u00fado \u00e9 revisado usando fontes confi\u00e1veis e, sempre que poss\u00edvel, apoiado por profissionais veterin\u00e1rios.<\/p>\n\n\n\n<h3 class=\"wp-block-heading\">Por que confiar na SelvaPet?<\/h3>\n\n\n\n<p>Porque tamb\u00e9m somos pais de animais de estima\u00e7\u00e3o, cuidadores e profundamente apaixonados por animais. Levamos nossa miss\u00e3o a s\u00e9rio: <strong>educar, informar e inspirar<\/strong> aqueles que se preocupam com a sa\u00fade e o bem-estar dos animais.<\/p>\n\n\n\n<h3 class=\"wp-block-heading\">Entre em contato<\/h3>\n\n\n\n<p>Tem d\u00favidas, sugest\u00f5es ou quer compartilhar a hist\u00f3ria do seu pet? Entre em contato conosco!<br>\ud83d\udce7 <a>contato@selvapet.com<\/a><\/p>\n\n\n\n<p><\/p>","protected":false},"excerpt":{"rendered":"<p>Welcome to SelvaPet.com \u2013 your trusted guide to the world of pets and animals! We believe that every animal deserves care, love, and reliable information. Our goal is to provide useful, up-to-date, and accessible content for anyone who loves animals \u2013 whether they\u2019re pets or wild creatures. Who Are We? We\u2019re animal lovers who are&#8230;<\/p>","protected":false},"author":1,"featured_media":0,"parent":0,"menu_order":0,"comment_status":"closed","ping_status":"closed","template":"","meta":{"footnotes":""},"class_list":["post-283","page","type-page","status-publish","hentry"],"yoast_head":"<!-- This site is optimized with the Yoast SEO plugin v25.8 - https:\/\/yoast.com\/wordpress\/plugins\/seo\/ -->\n<title>About Us -<\/title>\n<meta name=\"robots\" content=\"index, follow, max-snippet:-1, max-image-preview:large, max-video-preview:-1\" \/>\n<link rel=\"canonical\" href=\"https:\/\/selvapet.com\/pt\/about\/\" \/>\n<meta property=\"og:locale\" content=\"pt_BR\" \/>\n<meta property=\"og:type\" content=\"article\" \/>\n<meta property=\"og:title\" content=\"About Us -\" \/>\n<meta property=\"og:description\" content=\"Welcome to SelvaPet.com \u2013 your trusted guide to the world of pets and animals! We believe that every animal deserves care, love, and reliable information. Our goal is to provide useful, up-to-date, and accessible content for anyone who loves animals \u2013 whether they\u2019re pets or wild creatures. Who Are We? We\u2019re animal lovers who are...\" \/>\n<meta property=\"og:url\" content=\"https:\/\/selvapet.com\/pt\/about\/\" \/>\n<meta property=\"article:modified_time\" content=\"2025-04-30T02:17:14+00:00\" \/>\n<meta name=\"twitter:card\" content=\"summary_large_image\" \/>\n<meta name=\"twitter:label1\" content=\"Est. tempo de leitura\" \/>\n\t<meta name=\"twitter:data1\" content=\"2 minutos\" \/>\n<script type=\"application\/ld+json\" class=\"yoast-schema-graph\">{\"@context\":\"https:\/\/schema.org\",\"@graph\":[{\"@type\":\"WebPage\",\"@id\":\"https:\/\/selvapet.com\/about\/\",\"url\":\"https:\/\/selvapet.com\/about\/\",\"name\":\"About Us -\",\"isPartOf\":{\"@id\":\"https:\/\/selvapet.com\/#website\"},\"datePublished\":\"2025-01-10T00:41:38+00:00\",\"dateModified\":\"2025-04-30T02:17:14+00:00\",\"breadcrumb\":{\"@id\":\"https:\/\/selvapet.com\/about\/#breadcrumb\"},\"inLanguage\":\"pt-BR\",\"potentialAction\":[{\"@type\":\"ReadAction\",\"target\":[\"https:\/\/selvapet.com\/about\/\"]}]},{\"@type\":\"BreadcrumbList\",\"@id\":\"https:\/\/selvapet.com\/about\/#breadcrumb\",\"itemListElement\":[{\"@type\":\"ListItem\",\"position\":1,\"name\":\"Home\",\"item\":\"https:\/\/selvapet.com\/\"},{\"@type\":\"ListItem\",\"position\":2,\"name\":\"About Us\"}]},{\"@type\":\"WebSite\",\"@id\":\"https:\/\/selvapet.com\/#website\",\"url\":\"https:\/\/selvapet.com\/\",\"name\":\"\",\"description\":\"\",\"potentialAction\":[{\"@type\":\"SearchAction\",\"target\":{\"@type\":\"EntryPoint\",\"urlTemplate\":\"https:\/\/selvapet.com\/?s={search_term_string}\"},\"query-input\":{\"@type\":\"PropertyValueSpecification\",\"valueRequired\":true,\"valueName\":\"search_term_string\"}}],\"inLanguage\":\"pt-BR\"}]}<\/script>\n<!-- \/ Yoast SEO plugin. -->","yoast_head_json":{"title":"About Us -","robots":{"index":"index","follow":"follow","max-snippet":"max-snippet:-1","max-image-preview":"max-image-preview:large","max-video-preview":"max-video-preview:-1"},"canonical":"https:\/\/selvapet.com\/pt\/about\/","og_locale":"pt_BR","og_type":"article","og_title":"About Us -","og_description":"Welcome to SelvaPet.com \u2013 your trusted guide to the world of pets and animals! We believe that every animal deserves care, love, and reliable information. Our goal is to provide useful, up-to-date, and accessible content for anyone who loves animals \u2013 whether they\u2019re pets or wild creatures. Who Are We? We\u2019re animal lovers who are...","og_url":"https:\/\/selvapet.com\/pt\/about\/","article_modified_time":"2025-04-30T02:17:14+00:00","twitter_card":"summary_large_image","twitter_misc":{"Est. tempo de leitura":"2 minutos"},"schema":{"@context":"https:\/\/schema.org","@graph":[{"@type":"WebPage","@id":"https:\/\/selvapet.com\/about\/","url":"https:\/\/selvapet.com\/about\/","name":"About Us -","isPartOf":{"@id":"https:\/\/selvapet.com\/#website"},"datePublished":"2025-01-10T00:41:38+00:00","dateModified":"2025-04-30T02:17:14+00:00","breadcrumb":{"@id":"https:\/\/selvapet.com\/about\/#breadcrumb"},"inLanguage":"pt-BR","potentialAction":[{"@type":"ReadAction","target":["https:\/\/selvapet.com\/about\/"]}]},{"@type":"BreadcrumbList","@id":"https:\/\/selvapet.com\/about\/#breadcrumb","itemListElement":[{"@type":"ListItem","position":1,"name":"Home","item":"https:\/\/selvapet.com\/"},{"@type":"ListItem","position":2,"name":"About Us"}]},{"@type":"WebSite","@id":"https:\/\/selvapet.com\/#website","url":"https:\/\/selvapet.com\/","name":"","description":"","potentialAction":[{"@type":"SearchAction","target":{"@type":"EntryPoint","urlTemplate":"https:\/\/selvapet.com\/?s={search_term_string}"},"query-input":{"@type":"PropertyValueSpecification","valueRequired":true,"valueName":"search_term_string"}}],"inLanguage":"pt-BR"}]}},"_links":{"self":[{"href":"https:\/\/selvapet.com\/pt\/wp-json\/wp\/v2\/pages\/283","targetHints":{"allow":["GET"]}}],"collection":[{"href":"https:\/\/selvapet.com\/pt\/wp-json\/wp\/v2\/pages"}],"about":[{"href":"https:\/\/selvapet.com\/pt\/wp-json\/wp\/v2\/types\/page"}],"author":[{"embeddable":true,"href":"https:\/\/selvapet.com\/pt\/wp-json\/wp\/v2\/users\/1"}],"replies":[{"embeddable":true,"href":"https:\/\/selvapet.com\/pt\/wp-json\/wp\/v2\/comments?post=283"}],"version-history":[{"count":4,"href":"https:\/\/selvapet.com\/pt\/wp-json\/wp\/v2\/pages\/283\/revisions"}],"predecessor-version":[{"id":312,"href":"https:\/\/selvapet.com\/pt\/wp-json\/wp\/v2\/pages\/283\/revisions\/312"}],"wp:attachment":[{"href":"https:\/\/selvapet.com\/pt\/wp-json\/wp\/v2\/media?parent=283"}],"curies":[{"name":"wp","href":"https:\/\/api.w.org\/{rel}","templated":true}]}}