{"id":283,"date":"2025-01-10T00:41:38","date_gmt":"2025-01-10T00:41:38","guid":{"rendered":"https:\/\/selvapet.com\/?page_id=283"},"modified":"2025-04-30T02:17:14","modified_gmt":"2025-04-30T02:17:14","slug":"about","status":"publish","type":"page","link":"https:\/\/selvapet.com\/fr\/about\/","title":{"rendered":"\u00c0 propos de nous"},"content":{"rendered":"<h2 class=\"wp-block-heading\"><\/h2>\n\n\n\n<p>Bienvenue \u00e0 <strong>SelvaPet.com<\/strong> \u2013 votre guide de confiance dans le monde des animaux de compagnie et des animaux !<\/p>\n\n\n\n<p>Nous croyons que <strong>chaque animal m\u00e9rite des soins, de l&#039;amour et des informations fiables<\/strong>Notre objectif est de fournir un contenu utile, \u00e0 jour et accessible \u00e0 tous ceux qui aiment les animaux, qu&#039;il s&#039;agisse d&#039;animaux de compagnie ou de cr\u00e9atures sauvages.<\/p>\n\n\n\n<h3 class=\"wp-block-heading\">Qui sommes-nous?<\/h3>\n\n\n\n<p>Nous sommes des amoureux des animaux passionn\u00e9s par le partage de connaissances. SelvaPet est une plateforme cr\u00e9\u00e9e par une \u00e9quipe de v\u00e9t\u00e9rinaires, d&#039;experts et de r\u00e9dacteurs sp\u00e9cialis\u00e9s dans le monde animal. Nos articles sont con\u00e7us pour vous aider \u00e0 mieux prendre soin de vos animaux et \u00e0 mieux comprendre leur comportement et la nature.<\/p>\n\n\n\n<p>Des conseils de soins pour animaux de compagnie pour chiens et chats aux faits amusants sur les animaux exotiques, nous proposons un contenu complet pour les propri\u00e9taires d&#039;animaux, les \u00e9tudiants v\u00e9t\u00e9rinaires, les esprits curieux et les amoureux des animaux de toutes sortes.<\/p>\n\n\n\n<h3 class=\"wp-block-heading\">Que trouverez-vous ici ?<\/h3>\n\n\n\n<ul class=\"wp-block-list\">\n<li>Conseils pratiques sur <strong>soins et bien-\u00eatre des animaux de compagnie<\/strong><\/li>\n\n\n\n<li>Informations sur <strong>maladies, vaccins et comportement animal<\/strong><\/li>\n\n\n\n<li>Recommandations sur <strong>produits, nourriture et jouets<\/strong><\/li>\n\n\n\n<li>Amusant et \u00e9ducatif <strong>faits sur la faune<\/strong><\/li>\n\n\n\n<li>Guides et articles sur la possession responsable d&#039;animaux de compagnie<\/li>\n<\/ul>\n\n\n\n<p>Notre engagement est de <strong>v\u00e9rit\u00e9, empathie et informations fiables<\/strong>. Tout notre contenu est examin\u00e9 \u00e0 l&#039;aide de sources fiables et, dans la mesure du possible, soutenu par des professionnels v\u00e9t\u00e9rinaires.<\/p>\n\n\n\n<h3 class=\"wp-block-heading\">Pourquoi faire confiance \u00e0 SelvaPet ?<\/h3>\n\n\n\n<p>Parce que nous sommes aussi des propri\u00e9taires et des gardiens d&#039;animaux de compagnie, et profond\u00e9ment passionn\u00e9s par les animaux. Nous prenons notre mission tr\u00e8s au s\u00e9rieux\u00a0: <strong>\u00e9duquer, informer et inspirer<\/strong> ceux qui se soucient de la sant\u00e9 et du bien-\u00eatre des animaux.<\/p>\n\n\n\n<h3 class=\"wp-block-heading\">Entrer en contact<\/h3>\n\n\n\n<p>Vous avez des questions, des suggestions ou souhaitez partager l&#039;histoire de votre animal\u00a0? N&#039;h\u00e9sitez pas \u00e0 nous contacter\u00a0!<br>\ud83d\udce7 <a>contact@selvapet.com<\/a><\/p>\n\n\n\n<p><\/p>","protected":false},"excerpt":{"rendered":"<p>Welcome to SelvaPet.com \u2013 your trusted guide to the world of pets and animals! We believe that every animal deserves care, love, and reliable information. Our goal is to provide useful, up-to-date, and accessible content for anyone who loves animals \u2013 whether they\u2019re pets or wild creatures. Who Are We? We\u2019re animal lovers who are&#8230;<\/p>","protected":false},"author":1,"featured_media":0,"parent":0,"menu_order":0,"comment_status":"closed","ping_status":"closed","template":"","meta":{"footnotes":""},"class_list":["post-283","page","type-page","status-publish","hentry"],"yoast_head":"<!-- This site is optimized with the Yoast SEO plugin v25.8 - https:\/\/yoast.com\/wordpress\/plugins\/seo\/ -->\n<title>About Us -<\/title>\n<meta name=\"robots\" content=\"index, follow, max-snippet:-1, max-image-preview:large, max-video-preview:-1\" \/>\n<link rel=\"canonical\" href=\"https:\/\/selvapet.com\/fr\/about\/\" \/>\n<meta property=\"og:locale\" content=\"fr_FR\" \/>\n<meta property=\"og:type\" content=\"article\" \/>\n<meta property=\"og:title\" content=\"About Us -\" \/>\n<meta property=\"og:description\" content=\"Welcome to SelvaPet.com \u2013 your trusted guide to the world of pets and animals! We believe that every animal deserves care, love, and reliable information. Our goal is to provide useful, up-to-date, and accessible content for anyone who loves animals \u2013 whether they\u2019re pets or wild creatures. Who Are We? We\u2019re animal lovers who are...\" \/>\n<meta property=\"og:url\" content=\"https:\/\/selvapet.com\/fr\/about\/\" \/>\n<meta property=\"article:modified_time\" content=\"2025-04-30T02:17:14+00:00\" \/>\n<meta name=\"twitter:card\" content=\"summary_large_image\" \/>\n<meta name=\"twitter:label1\" content=\"Dur\u00e9e de lecture estim\u00e9e\" \/>\n\t<meta name=\"twitter:data1\" content=\"2 minutes\" \/>\n<script type=\"application\/ld+json\" class=\"yoast-schema-graph\">{\"@context\":\"https:\/\/schema.org\",\"@graph\":[{\"@type\":\"WebPage\",\"@id\":\"https:\/\/selvapet.com\/about\/\",\"url\":\"https:\/\/selvapet.com\/about\/\",\"name\":\"About Us -\",\"isPartOf\":{\"@id\":\"https:\/\/selvapet.com\/#website\"},\"datePublished\":\"2025-01-10T00:41:38+00:00\",\"dateModified\":\"2025-04-30T02:17:14+00:00\",\"breadcrumb\":{\"@id\":\"https:\/\/selvapet.com\/about\/#breadcrumb\"},\"inLanguage\":\"fr-FR\",\"potentialAction\":[{\"@type\":\"ReadAction\",\"target\":[\"https:\/\/selvapet.com\/about\/\"]}]},{\"@type\":\"BreadcrumbList\",\"@id\":\"https:\/\/selvapet.com\/about\/#breadcrumb\",\"itemListElement\":[{\"@type\":\"ListItem\",\"position\":1,\"name\":\"Home\",\"item\":\"https:\/\/selvapet.com\/\"},{\"@type\":\"ListItem\",\"position\":2,\"name\":\"About Us\"}]},{\"@type\":\"WebSite\",\"@id\":\"https:\/\/selvapet.com\/#website\",\"url\":\"https:\/\/selvapet.com\/\",\"name\":\"\",\"description\":\"\",\"potentialAction\":[{\"@type\":\"SearchAction\",\"target\":{\"@type\":\"EntryPoint\",\"urlTemplate\":\"https:\/\/selvapet.com\/?s={search_term_string}\"},\"query-input\":{\"@type\":\"PropertyValueSpecification\",\"valueRequired\":true,\"valueName\":\"search_term_string\"}}],\"inLanguage\":\"fr-FR\"}]}<\/script>\n<!-- \/ Yoast SEO plugin. -->","yoast_head_json":{"title":"About Us -","robots":{"index":"index","follow":"follow","max-snippet":"max-snippet:-1","max-image-preview":"max-image-preview:large","max-video-preview":"max-video-preview:-1"},"canonical":"https:\/\/selvapet.com\/fr\/about\/","og_locale":"fr_FR","og_type":"article","og_title":"About Us -","og_description":"Welcome to SelvaPet.com \u2013 your trusted guide to the world of pets and animals! We believe that every animal deserves care, love, and reliable information. Our goal is to provide useful, up-to-date, and accessible content for anyone who loves animals \u2013 whether they\u2019re pets or wild creatures. Who Are We? We\u2019re animal lovers who are...","og_url":"https:\/\/selvapet.com\/fr\/about\/","article_modified_time":"2025-04-30T02:17:14+00:00","twitter_card":"summary_large_image","twitter_misc":{"Dur\u00e9e de lecture estim\u00e9e":"2 minutes"},"schema":{"@context":"https:\/\/schema.org","@graph":[{"@type":"WebPage","@id":"https:\/\/selvapet.com\/about\/","url":"https:\/\/selvapet.com\/about\/","name":"About Us -","isPartOf":{"@id":"https:\/\/selvapet.com\/#website"},"datePublished":"2025-01-10T00:41:38+00:00","dateModified":"2025-04-30T02:17:14+00:00","breadcrumb":{"@id":"https:\/\/selvapet.com\/about\/#breadcrumb"},"inLanguage":"fr-FR","potentialAction":[{"@type":"ReadAction","target":["https:\/\/selvapet.com\/about\/"]}]},{"@type":"BreadcrumbList","@id":"https:\/\/selvapet.com\/about\/#breadcrumb","itemListElement":[{"@type":"ListItem","position":1,"name":"Home","item":"https:\/\/selvapet.com\/"},{"@type":"ListItem","position":2,"name":"About Us"}]},{"@type":"WebSite","@id":"https:\/\/selvapet.com\/#website","url":"https:\/\/selvapet.com\/","name":"","description":"","potentialAction":[{"@type":"SearchAction","target":{"@type":"EntryPoint","urlTemplate":"https:\/\/selvapet.com\/?s={search_term_string}"},"query-input":{"@type":"PropertyValueSpecification","valueRequired":true,"valueName":"search_term_string"}}],"inLanguage":"fr-FR"}]}},"_links":{"self":[{"href":"https:\/\/selvapet.com\/fr\/wp-json\/wp\/v2\/pages\/283","targetHints":{"allow":["GET"]}}],"collection":[{"href":"https:\/\/selvapet.com\/fr\/wp-json\/wp\/v2\/pages"}],"about":[{"href":"https:\/\/selvapet.com\/fr\/wp-json\/wp\/v2\/types\/page"}],"author":[{"embeddable":true,"href":"https:\/\/selvapet.com\/fr\/wp-json\/wp\/v2\/users\/1"}],"replies":[{"embeddable":true,"href":"https:\/\/selvapet.com\/fr\/wp-json\/wp\/v2\/comments?post=283"}],"version-history":[{"count":4,"href":"https:\/\/selvapet.com\/fr\/wp-json\/wp\/v2\/pages\/283\/revisions"}],"predecessor-version":[{"id":312,"href":"https:\/\/selvapet.com\/fr\/wp-json\/wp\/v2\/pages\/283\/revisions\/312"}],"wp:attachment":[{"href":"https:\/\/selvapet.com\/fr\/wp-json\/wp\/v2\/media?parent=283"}],"curies":[{"name":"wp","href":"https:\/\/api.w.org\/{rel}","templated":true}]}}