{"id":283,"date":"2025-01-10T00:41:38","date_gmt":"2025-01-10T00:41:38","guid":{"rendered":"https:\/\/selvapet.com\/?page_id=283"},"modified":"2025-04-30T02:17:14","modified_gmt":"2025-04-30T02:17:14","slug":"about","status":"publish","type":"page","link":"https:\/\/selvapet.com\/es\/about\/","title":{"rendered":"Sobre nosotros"},"content":{"rendered":"<h2 class=\"wp-block-heading\"><\/h2>\n\n\n\n<p>Bienvenido a <strong>SelvaPet.com<\/strong> \u2013 \u00a1Tu gu\u00eda de confianza para el mundo de las mascotas y los animales!<\/p>\n\n\n\n<p>Creemos que <strong>Todo animal merece cuidados, amor e informaci\u00f3n confiable.<\/strong>Nuestro objetivo es ofrecer contenido \u00fatil, actualizado y accesible para quienes aman a los animales, ya sean mascotas o animales salvajes.<\/p>\n\n\n\n<h3 class=\"wp-block-heading\">\u00bfQui\u00e9nes somos?<\/h3>\n\n\n\n<p>Somos amantes de los animales y nos apasiona compartir nuestro conocimiento. SelvaPet est\u00e1 creado por un equipo de veterinarios, expertos en mascotas y escritores especializados en el mundo animal. Nuestros art\u00edculos est\u00e1n dise\u00f1ados para ayudarte a cuidar mejor de tus mascotas y a comprender mejor el comportamiento animal y el mundo natural.<\/p>\n\n\n\n<p>Desde consejos para el cuidado de mascotas para perros y gatos hasta datos curiosos sobre animales ex\u00f3ticos, ofrecemos contenido integral para due\u00f1os de mascotas, estudiantes de veterinaria, mentes curiosas y amantes de los animales de todo tipo.<\/p>\n\n\n\n<h3 class=\"wp-block-heading\">\u00bfQu\u00e9 encontrar\u00e1s aqu\u00ed?<\/h3>\n\n\n\n<ul class=\"wp-block-list\">\n<li>Consejos pr\u00e1cticos sobre <strong>cuidado y bienestar de las mascotas<\/strong><\/li>\n\n\n\n<li>Informaci\u00f3n sobre <strong>enfermedades, vacunas y comportamiento animal<\/strong><\/li>\n\n\n\n<li>Recomendaciones sobre <strong>productos, alimentos y juguetes<\/strong><\/li>\n\n\n\n<li>Divertido y educativo <strong>datos sobre la vida silvestre<\/strong><\/li>\n\n\n\n<li>Gu\u00edas y art\u00edculos sobre tenencia responsable de mascotas<\/li>\n<\/ul>\n\n\n\n<p>Nuestro compromiso es <strong>verdad, empat\u00eda e informaci\u00f3n confiable<\/strong>Todo nuestro contenido se revisa utilizando fuentes confiables y, siempre que sea posible, est\u00e1 respaldado por profesionales veterinarios.<\/p>\n\n\n\n<h3 class=\"wp-block-heading\">\u00bfPor qu\u00e9 confiar en SelvaPet?<\/h3>\n\n\n\n<p>Porque tambi\u00e9n somos due\u00f1os de mascotas, cuidadores y nos apasionan profundamente los animales. Nos tomamos nuestra misi\u00f3n muy en serio: <strong>educar, informar e inspirar<\/strong> Aquellos que se preocupan por la salud y el bienestar de los animales.<\/p>\n\n\n\n<h3 class=\"wp-block-heading\">Cont\u00e1ctanos<\/h3>\n\n\n\n<p>\u00bfTienes preguntas, sugerencias o quieres compartir la historia de tu mascota? \u00a1Cont\u00e1ctanos!<br>\ud83d\udce7 <a>contacto@selvapet.com<\/a><\/p>\n\n\n\n<p><\/p>","protected":false},"excerpt":{"rendered":"<p>Welcome to SelvaPet.com \u2013 your trusted guide to the world of pets and animals! We believe that every animal deserves care, love, and reliable information. Our goal is to provide useful, up-to-date, and accessible content for anyone who loves animals \u2013 whether they\u2019re pets or wild creatures. Who Are We? We\u2019re animal lovers who are&#8230;<\/p>","protected":false},"author":1,"featured_media":0,"parent":0,"menu_order":0,"comment_status":"closed","ping_status":"closed","template":"","meta":{"footnotes":""},"class_list":["post-283","page","type-page","status-publish","hentry"],"yoast_head":"<!-- This site is optimized with the Yoast SEO plugin v25.8 - https:\/\/yoast.com\/wordpress\/plugins\/seo\/ -->\n<title>About Us -<\/title>\n<meta name=\"robots\" content=\"index, follow, max-snippet:-1, max-image-preview:large, max-video-preview:-1\" \/>\n<link rel=\"canonical\" href=\"https:\/\/selvapet.com\/es\/about\/\" \/>\n<meta property=\"og:locale\" content=\"es_MX\" \/>\n<meta property=\"og:type\" content=\"article\" \/>\n<meta property=\"og:title\" content=\"About Us -\" \/>\n<meta property=\"og:description\" content=\"Welcome to SelvaPet.com \u2013 your trusted guide to the world of pets and animals! We believe that every animal deserves care, love, and reliable information. Our goal is to provide useful, up-to-date, and accessible content for anyone who loves animals \u2013 whether they\u2019re pets or wild creatures. Who Are We? We\u2019re animal lovers who are...\" \/>\n<meta property=\"og:url\" content=\"https:\/\/selvapet.com\/es\/about\/\" \/>\n<meta property=\"article:modified_time\" content=\"2025-04-30T02:17:14+00:00\" \/>\n<meta name=\"twitter:card\" content=\"summary_large_image\" \/>\n<meta name=\"twitter:label1\" content=\"Tiempo de lectura\" \/>\n\t<meta name=\"twitter:data1\" content=\"2 minutos\" \/>\n<script type=\"application\/ld+json\" class=\"yoast-schema-graph\">{\"@context\":\"https:\/\/schema.org\",\"@graph\":[{\"@type\":\"WebPage\",\"@id\":\"https:\/\/selvapet.com\/about\/\",\"url\":\"https:\/\/selvapet.com\/about\/\",\"name\":\"About Us -\",\"isPartOf\":{\"@id\":\"https:\/\/selvapet.com\/#website\"},\"datePublished\":\"2025-01-10T00:41:38+00:00\",\"dateModified\":\"2025-04-30T02:17:14+00:00\",\"breadcrumb\":{\"@id\":\"https:\/\/selvapet.com\/about\/#breadcrumb\"},\"inLanguage\":\"es\",\"potentialAction\":[{\"@type\":\"ReadAction\",\"target\":[\"https:\/\/selvapet.com\/about\/\"]}]},{\"@type\":\"BreadcrumbList\",\"@id\":\"https:\/\/selvapet.com\/about\/#breadcrumb\",\"itemListElement\":[{\"@type\":\"ListItem\",\"position\":1,\"name\":\"Home\",\"item\":\"https:\/\/selvapet.com\/\"},{\"@type\":\"ListItem\",\"position\":2,\"name\":\"About Us\"}]},{\"@type\":\"WebSite\",\"@id\":\"https:\/\/selvapet.com\/#website\",\"url\":\"https:\/\/selvapet.com\/\",\"name\":\"\",\"description\":\"\",\"potentialAction\":[{\"@type\":\"SearchAction\",\"target\":{\"@type\":\"EntryPoint\",\"urlTemplate\":\"https:\/\/selvapet.com\/?s={search_term_string}\"},\"query-input\":{\"@type\":\"PropertyValueSpecification\",\"valueRequired\":true,\"valueName\":\"search_term_string\"}}],\"inLanguage\":\"es\"}]}<\/script>\n<!-- \/ Yoast SEO plugin. -->","yoast_head_json":{"title":"About Us -","robots":{"index":"index","follow":"follow","max-snippet":"max-snippet:-1","max-image-preview":"max-image-preview:large","max-video-preview":"max-video-preview:-1"},"canonical":"https:\/\/selvapet.com\/es\/about\/","og_locale":"es_MX","og_type":"article","og_title":"About Us -","og_description":"Welcome to SelvaPet.com \u2013 your trusted guide to the world of pets and animals! We believe that every animal deserves care, love, and reliable information. Our goal is to provide useful, up-to-date, and accessible content for anyone who loves animals \u2013 whether they\u2019re pets or wild creatures. Who Are We? We\u2019re animal lovers who are...","og_url":"https:\/\/selvapet.com\/es\/about\/","article_modified_time":"2025-04-30T02:17:14+00:00","twitter_card":"summary_large_image","twitter_misc":{"Tiempo de lectura":"2 minutos"},"schema":{"@context":"https:\/\/schema.org","@graph":[{"@type":"WebPage","@id":"https:\/\/selvapet.com\/about\/","url":"https:\/\/selvapet.com\/about\/","name":"About Us -","isPartOf":{"@id":"https:\/\/selvapet.com\/#website"},"datePublished":"2025-01-10T00:41:38+00:00","dateModified":"2025-04-30T02:17:14+00:00","breadcrumb":{"@id":"https:\/\/selvapet.com\/about\/#breadcrumb"},"inLanguage":"es","potentialAction":[{"@type":"ReadAction","target":["https:\/\/selvapet.com\/about\/"]}]},{"@type":"BreadcrumbList","@id":"https:\/\/selvapet.com\/about\/#breadcrumb","itemListElement":[{"@type":"ListItem","position":1,"name":"Home","item":"https:\/\/selvapet.com\/"},{"@type":"ListItem","position":2,"name":"About Us"}]},{"@type":"WebSite","@id":"https:\/\/selvapet.com\/#website","url":"https:\/\/selvapet.com\/","name":"","description":"","potentialAction":[{"@type":"SearchAction","target":{"@type":"EntryPoint","urlTemplate":"https:\/\/selvapet.com\/?s={search_term_string}"},"query-input":{"@type":"PropertyValueSpecification","valueRequired":true,"valueName":"search_term_string"}}],"inLanguage":"es"}]}},"_links":{"self":[{"href":"https:\/\/selvapet.com\/es\/wp-json\/wp\/v2\/pages\/283","targetHints":{"allow":["GET"]}}],"collection":[{"href":"https:\/\/selvapet.com\/es\/wp-json\/wp\/v2\/pages"}],"about":[{"href":"https:\/\/selvapet.com\/es\/wp-json\/wp\/v2\/types\/page"}],"author":[{"embeddable":true,"href":"https:\/\/selvapet.com\/es\/wp-json\/wp\/v2\/users\/1"}],"replies":[{"embeddable":true,"href":"https:\/\/selvapet.com\/es\/wp-json\/wp\/v2\/comments?post=283"}],"version-history":[{"count":4,"href":"https:\/\/selvapet.com\/es\/wp-json\/wp\/v2\/pages\/283\/revisions"}],"predecessor-version":[{"id":312,"href":"https:\/\/selvapet.com\/es\/wp-json\/wp\/v2\/pages\/283\/revisions\/312"}],"wp:attachment":[{"href":"https:\/\/selvapet.com\/es\/wp-json\/wp\/v2\/media?parent=283"}],"curies":[{"name":"wp","href":"https:\/\/api.w.org\/{rel}","templated":true}]}}